{"id":6523,"date":"2022-07-28T10:56:27","date_gmt":"2022-07-28T08:56:27","guid":{"rendered":"https:\/\/villaelbuzo.com\/aviso-legal\/"},"modified":"2022-07-28T10:56:29","modified_gmt":"2022-07-28T08:56:29","slug":"aviso-legal","status":"publish","type":"page","link":"https:\/\/villaelbuzo.com\/en\/aviso-legal\/","title":{"rendered":"Aviso legal"},"content":{"rendered":"<p>[et_pb_section fb_built=&#8221;1&#8243; admin_label=&#8221;Breadcrumbs&#8221; module_id=&#8221;breadcrumbs&#8221; _builder_version=&#8221;4.14.8&#8243; background_color=&#8221;#cccccc&#8221; global_module=&#8221;3246&#8243; locked=&#8221;off&#8221; collapsed=&#8221;off&#8221; global_colors_info=&#8221;{}&#8221;][et_pb_row _builder_version=&#8221;4.16&#8243; custom_padding=&#8221;10px||10px||false|false&#8221; global_colors_info=&#8221;{}&#8221;][et_pb_column type=&#8221;4_4&#8243; _builder_version=&#8221;4.16&#8243; global_colors_info=&#8221;{}&#8221;][et_pb_code _builder_version=&#8221;4.16&#8243; locked=&#8221;off&#8221; global_colors_info=&#8221;{}&#8221;]<nav aria-label=\"breadcrumbs\" class=\"rank-math-breadcrumb\"><p><span class=\"last\">Home<\/span><\/p><\/nav>[\/et_pb_code][\/et_pb_column][\/et_pb_row][\/et_pb_section][et_pb_section fb_built=&#8221;1&#8243; module_class=&#8221;seccion seccion-pagina contenido&#8221; _builder_version=&#8221;4.16&#8243; vertical_offset_tablet=&#8221;0&#8243; horizontal_offset_tablet=&#8221;0&#8243; z_index_tablet=&#8221;0&#8243; box_shadow_horizontal_tablet=&#8221;0px&#8221; box_shadow_vertical_tablet=&#8221;0px&#8221; box_shadow_blur_tablet=&#8221;40px&#8221; box_shadow_spread_tablet=&#8221;0px&#8221; global_colors_info=&#8221;{}&#8221;][et_pb_row _builder_version=&#8221;4.16&#8243; background_size=&#8221;initial&#8221; background_position=&#8221;top_left&#8221; background_repeat=&#8221;repeat&#8221; global_colors_info=&#8221;{}&#8221;][et_pb_column type=&#8221;4_4&#8243; _builder_version=&#8221;4.16&#8243; custom_padding=&#8221;|||&#8221; global_colors_info=&#8221;{}&#8221; custom_padding__hover=&#8221;|||&#8221;][et_pb_post_title meta=&#8221;off&#8221; featured_image=&#8221;off&#8221; module_class=&#8221;titulo-pagina&#8221; _builder_version=&#8221;4.16&#8243; vertical_offset_tablet=&#8221;0&#8243; horizontal_offset_tablet=&#8221;0&#8243; z_index_tablet=&#8221;0&#8243; title_text_shadow_horizontal_length_tablet=&#8221;0px&#8221; title_text_shadow_vertical_length_tablet=&#8221;0px&#8221; title_text_shadow_blur_strength_tablet=&#8221;1px&#8221; meta_text_shadow_horizontal_length_tablet=&#8221;0px&#8221; meta_text_shadow_vertical_length_tablet=&#8221;0px&#8221; meta_text_shadow_blur_strength_tablet=&#8221;1px&#8221; box_shadow_horizontal_tablet=&#8221;0px&#8221; box_shadow_vertical_tablet=&#8221;0px&#8221; box_shadow_blur_tablet=&#8221;40px&#8221; box_shadow_spread_tablet=&#8221;0px&#8221; text_shadow_horizontal_length_tablet=&#8221;0px&#8221; text_shadow_vertical_length_tablet=&#8221;0px&#8221; text_shadow_blur_strength_tablet=&#8221;1px&#8221; global_colors_info=&#8221;{}&#8221;][\/et_pb_post_title][et_pb_text _builder_version=&#8221;4.17.6&#8243; header_2_font_size=&#8221;28px&#8221; background_size=&#8221;initial&#8221; background_position=&#8221;top_left&#8221; background_repeat=&#8221;repeat&#8221; global_colors_info=&#8221;{}&#8221;]<\/p>\n<p>En cumplimiento del art\u00edculo 10 de la Ley 34\/2002, del 11 de Julio, de Servicios de la Sociedad de la Informaci\u00f3n y Comercio Electr\u00f3nico (LSSICE) se exponen a continuaci\u00f3n los datos identificativos de la<br \/>empresa.<\/p>\n<p><strong>Denominaci\u00f3n social:<\/strong> VILLA EL BUZO S.L.<br \/><strong>C\u00f3digo de identificaci\u00f3n fiscal: CIF:<\/strong> B09874694<br \/><strong>Datos Registrales:<\/strong> REGISTRO_EMPRESA<br \/><strong>Domicilio social:<\/strong> en URB. ATLANTERRA, PARCELA I N\u00daM. 186 11393 TARIFA (C\u00c1DIZ)<br \/><strong>Sitio Web:<\/strong> WWW.VILLAELBUZO.COM<br \/><strong>Correo electr\u00f3nico:<\/strong> <a href=\"mailto:INFO@VILLAELBUZO.COM\">INFO@VILLAELBUZO.COM<\/a><\/p>\n<h2>Acceso al Sitio Web:<\/h2>\n<p>El acceso al sitio web es responsabilidad exclusiva de los usuarios, y supone aceptar y conocer las advertencias legales, condiciones y t\u00e9rminos de uso contenidos en ella. El sitio web tiene el car\u00e1cter \u00fanicamente informativo, en consecuencia, los art\u00edculos, productos y\/o servicios expuestos, as\u00ed como, en su caso, los precios indicados, son meramente orientativos y su uso es exclusivo para los medios de comunicaci\u00f3n; por lo que en ning\u00fan momento deben ser considerados como una oferta comercial.<\/p>\n<p>De aqu\u00ed se sigue, que el sitio web no garantiza que los art\u00edculos, productos y\/o servicios expuestos en la web est\u00e9n disponibles, as\u00ed como que los precios sean los vigentes en el momento de la consulta a la web. VILLA EL BUZO S.L. se reserva el derecho de realizar, en cualquier momento, cuantos cambios y modificaciones estime convenientes y crea necesarias para la p\u00e1gina web sin necesidad de previo aviso.<\/p>\n<p>El Usuario garantiza la autenticidad y veracidad de todos aquellos datos que comunique tanto en la cumplimentaci\u00f3n de los formularios de registro como en cualquier otro momento posterior, siendo de su responsabilidad el actualizar la informaci\u00f3n suministrada, de tal forma que refleje su situaci\u00f3n real. El usuario ser\u00e1 responsable de la inexactitud o falta de veracidad de la informaci\u00f3n aportada.<\/p>\n<p>El simple acceso a este sitio web no supone entablar ning\u00fan tipo de relaci\u00f3n comercial entre VILLA EL BUZO S.L. y el usuario. El acceso y la navegaci\u00f3n en este sitio web supone aceptar y conocer las advertencias legales, condiciones y t\u00e9rminos de uso contenidas en ella. El titular del sitio web puede ofrecer servicios o productos que podr\u00e1n encontrarse sometidos a unas condiciones particulares propias que, seg\u00fan los casos, sustituyan, completen y\/o modifiquen las presentes condiciones, y sobre las cuales se informar\u00e1 al usuario en cada caso concreto.<\/p>\n<h2>Uso del Sitio Web:<\/h2>\n<p>El Usuario se compromete a la correcta utilizaci\u00f3n de la web y utilidades que se le proporcionen conforme a la ley, el presente documento legal, y las instrucciones y avisos que se le comuniquen. El Usuario se obliga al uso exclusivo de la web, y todos sus contenidos, para fines l\u00edcitos y no prohibidos, que no infrinjan la legalidad vigente y\/o puedan resultar lesivos de los derechos leg\u00edtimos de VILLA EL BUZO S.L. o de cualquier tercero, y\/o que puedan causar cualquier da\u00f1o o perjuicio de forma directa o indirecta.<\/p>\n<p>A tal efecto, el Usuario se abstendr\u00e1 de utilizar cualquiera de los contenidos de la p\u00e1gina web con fines o efectos il\u00edcitos, prohibidos en el presente Documento Legal, lesivos de los derechos e intereses de terceros o que, de cualquier forma, puedan da\u00f1ar, inutilizar, sobrecargar, deteriorar o impedir la normal utilizaci\u00f3n de la web, los equipos inform\u00e1ticos o los documentos, archivos y toda clase de contenidos almacenados en cualquier equipo inform\u00e1tico (hacking) de VILLA EL BUZO S.L., de otros<br \/>Usuarios o de cualquier usuario de Internet (hardware y software).<\/p>\n<p>En particular, y a t\u00edtulo meramente indicativo y no exhaustivo, el Usuario se compromete a no transmitir, difundir o poner a disposici\u00f3n de terceros informaciones, datos, contenidos, mensajes, gr\u00e1ficos, dibujos, archivos de sonido y\/o imagen, fotograf\u00edas, grabaciones, software y, en general, cualquier clase de material contrario al ordenamiento legal.<\/p>\n<p>Los Contenidos incluidos en el Sitio Web se facilitan \u00fanicamente a consumidores o Usuarios finales.<\/p>\n<p>Cualquier uso comercial no autorizado de los mismos, o su reventa, quedan prohibidos, salvo que se cuente con la previa autorizaci\u00f3n escrita. VILLA EL BUZO S.L. podr\u00e1 modificar los t\u00e9rminos y condiciones aqu\u00ed estipulados, total o parcialmente, publicando cualquier cambio en la misma forma en que aparecen estas condiciones generales o a trav\u00e9s de cualquier tipo de comunicaci\u00f3n dirigida a los usuarios. La vigencia temporal de estas condiciones generales coincide, por lo tanto, con el tiempo<br \/>de su exposici\u00f3n, hasta que sean modificadas total o parcialmente, momento en el cual pasar\u00e1n a tener vigencia las condiciones generales modificadas. VILLA EL BUZO S.L. no garantiza ni se hace responsable de: el funcionamiento del sitio web; la continuidad de los Contenidos del sitio web; la ausencia de errores en dichos Contenidos ni la correcci\u00f3n de cualquier defecto que pudiera ocurrir; la ausencia de virus y\/o dem\u00e1s componentes da\u00f1inos en el sitio web o en el servidor que lo suministra; la invulnerabilidad del sitio web y\/o la inexpugnabilidad de las medidas de seguridad que se adopten en el mismo; la falta de utilidad o rendimiento de los contenidos del sitio web; los da\u00f1os o perjuicios que cause, a s\u00ed mismo o a un tercero, cualquier persona que infringiera las condiciones, normas e instrucciones que VILLA EL BUZO S.L. establece en el sitio web o a trav\u00e9s de la vulneraci\u00f3n de los sistemas de seguridad del sitio web.<\/p>\n<p><strong>Derechos de propiedad intelectual:<\/strong><\/p>\n<p>El Usuario se obliga a respetar los derechos de propiedad industrial de VILLA EL BUZO S.L. y de cualquier otro tercero. El uso o la concesi\u00f3n de acceso a la p\u00e1gina Web no comportan el otorgamiento de derecho alguno sobre las marcas, nombres comerciales o cualquier otro signo distintivo que se utilicen en la misma. El usuario podr\u00e1 descargarse la p\u00e1gina web en su terminal siempre que sea para uso privado, sin ning\u00fan fin comercial, por lo que no podr\u00e1 explotar, reproducir, distribuir, modificar,<br \/>comunicar p\u00fablicamente, ceder, transformar o usar el contenido de la web con fines p\u00fablicos o comerciales. Asimismo, los contenidos son propiedad intelectual de VILLA EL BUZO S.L.sin que puedan entenderse cedidos al Usuario, en virtud de lo establecido en este Documento Legal, ninguno de los derechos de explotaci\u00f3n o cualesquiera otros que existen o puedan existir sobre dichos contenidos m\u00e1s all\u00e1 de lo estrictamente necesario para el correcto uso del sitio web.<\/p>\n<p><strong>Finalidad:<\/strong><\/p>\n<p>El derecho a la libertad de informaci\u00f3n a trav\u00e9s de medios digitales. Remisi\u00f3n de boletines informativos o newsletter asociados a las secciones o ediciones que conforman VILLA EL BUZO S.L. incluy\u00e9ndose aquellos requeridos para dar cumplimiento a los requisitos legales del RGPD. Gesti\u00f3n de plataformas sociales titularidad o asociadas a VILLA EL BUZO S.L. Aquellos necesarios para poder continuar prestando el servicio de comunicaci\u00f3n digital. Sorteos, promociones y eventos. Cookies propias. Contacto, resolver incidencias, gestionar consultas asociadas al servicio o a cualquier otra situaci\u00f3n an\u00e1loga en relaci\u00f3n con VILLA EL BUZO S.L.<\/p>\n<p><strong>Ejercicio de derechos:<\/strong><\/p>\n<p>Acceso, rectificaci\u00f3n o supresi\u00f3n, limitaci\u00f3n de tratamiento, oposici\u00f3n del tratamiento de los datos personales facilitados o al env\u00edo de publicidad, y a no ser objeto de decisiones exclusivamente automatizadas. Puede ejercer dichos derechos o revocar los consentimientos de tratamiento dados enviando una petici\u00f3n al domicilio social, incluyendo una copia del DNI. Para el ejercicio de los derechos o cualquier aclaraci\u00f3n que precise puede dirigir un correo postal a la direcci\u00f3n social, acreditando ser titular de los datos sobre los que quiere ejercer esos derechos.<\/p>\n<p><strong>Destinatarios:<\/strong><\/p>\n<p>VILLA EL BUZO S.L. precisa dentro de su \u00e1mbito de actividad con la finalidad de poder garantizar el servicio y la calidad del mismo que terceros a aquel presten servicios que pudieren llevar afectos tratamiento de datos personales. En relaci\u00f3n a dichos terceros, VILLA EL BUZO S.L. diferencia entre aquellos terceros que ostentan la condici\u00f3n de Encargado de Tratamiento siendo necesarios para en inter\u00e9s de la entidad, habiendo establecido las medidas legales y t\u00e9cnicas necesarias para preservar su derecho fundamental a la protecci\u00f3n de datos. As\u00ed mismo, en relaci\u00f3n con aquellos terceros que no se encuentren en dicha situaci\u00f3n, VILLA EL BUZO S.L. le informar\u00e1 de la comunicaci\u00f3n y la necesidad, en su caso, de obtener su consentimiento para el tratamiento afecto a la operaci\u00f3n\/es afectas.<\/p>\n<p><strong>Reclamaci\u00f3n:<\/strong><\/p>\n<p>Autoridad de Control competente en la materia. Agencia Espa\u00f1ola de Protecci\u00f3n de Datos (www.agpd.es C\/ Jorge Juan, 6 28001 Madrid.) Puede ejercer dichos derechos o revocar los consentimientos de tratamiento dados enviando una petici\u00f3n al domicilio social, incluyendo una copia del DNI. Para el ejercicio de los derechos o cualquier aclaraci\u00f3n que precise puede dirigir un correo<br \/>postal a la direcci\u00f3n social, acreditando ser titular de los datos sobre los que quiere ejercer esos derechos.<\/p>\n<p><strong>Protecci\u00f3n de datos de car\u00e1cter personal:<\/strong><\/p>\n<p>De acuerdo con lo establecido en el Reglamento UE 2016\/679 del Parlamento Europeo y del Consejo de 27 de abril de 2016 relativo a la protecci\u00f3n de las personas f\u00edsicas en lo que respecta al tratamiento de datos personales y a la libre circulaci\u00f3n de estos datos y la Ley Org\u00e1nica 15\/1999, de 13 de Diciembre, de Protecci\u00f3n de Datos de Car\u00e1cter Personal, se le informa que los datos de car\u00e1cter personal proporcionados ser\u00e1n incluidos en un fichero de titularidad de VILLA EL BUZO S.L., que tiene por finalidad la gesti\u00f3n de los clientes, contable, fiscal, administrativa y otras finalidades. Usted puede ejercer los derechos sobre los datos suministrados recogidos en el art. 13 del RGPD de acceso, rectificaci\u00f3n o supresi\u00f3n, limitaci\u00f3n de tratamiento, oposici\u00f3n del tratamiento de los datos personales facilitados o al env\u00edo de publicidad, y a no ser objeto de decisiones exclusivamente automatizadas.<\/p>\n<p>[\/et_pb_text][\/et_pb_column][\/et_pb_row][\/et_pb_section]<\/p>\n","protected":false},"excerpt":{"rendered":"<p><nav aria-label=\"breadcrumbs\" class=\"rank-math-breadcrumb\"><p><span class=\"last\">Home<\/span><\/p><\/nav>En cumplimiento del art\u00edculo 10 de la Ley 34\/2002, del 11 de Julio, de Servicios de la Sociedad de la Informaci\u00f3n y Comercio Electr\u00f3nico (LSSICE) se exponen a continuaci\u00f3n los datos identificativos de laempresa. Denominaci\u00f3n social: VILLA EL BUZO S.L.C\u00f3digo de identificaci\u00f3n fiscal: CIF: B09874694Datos Registrales: REGISTRO_EMPRESADomicilio social: en URB. ATLANTERRA, PARCELA I N\u00daM. 186 [&hellip;]<\/p>\n","protected":false},"author":1,"featured_media":0,"parent":0,"menu_order":0,"comment_status":"closed","ping_status":"closed","template":"","meta":{"_et_pb_use_builder":"on","_et_pb_old_content":"","_et_gb_content_width":"","footnotes":""},"class_list":["post-6523","page","type-page","status-publish","hentry"],"_links":{"self":[{"href":"https:\/\/villaelbuzo.com\/en\/wp-json\/wp\/v2\/pages\/6523","targetHints":{"allow":["GET"]}}],"collection":[{"href":"https:\/\/villaelbuzo.com\/en\/wp-json\/wp\/v2\/pages"}],"about":[{"href":"https:\/\/villaelbuzo.com\/en\/wp-json\/wp\/v2\/types\/page"}],"author":[{"embeddable":true,"href":"https:\/\/villaelbuzo.com\/en\/wp-json\/wp\/v2\/users\/1"}],"replies":[{"embeddable":true,"href":"https:\/\/villaelbuzo.com\/en\/wp-json\/wp\/v2\/comments?post=6523"}],"version-history":[{"count":0,"href":"https:\/\/villaelbuzo.com\/en\/wp-json\/wp\/v2\/pages\/6523\/revisions"}],"wp:attachment":[{"href":"https:\/\/villaelbuzo.com\/en\/wp-json\/wp\/v2\/media?parent=6523"}],"curies":[{"name":"wp","href":"https:\/\/api.w.org\/{rel}","templated":true}]}}