{"id":6529,"date":"2022-07-28T10:58:51","date_gmt":"2022-07-28T08:58:51","guid":{"rendered":"https:\/\/villaelbuzo.com\/politica-de-privacidad\/"},"modified":"2022-07-28T10:58:54","modified_gmt":"2022-07-28T08:58:54","slug":"politica-de-privacidad","status":"publish","type":"page","link":"https:\/\/villaelbuzo.com\/en\/politica-de-privacidad\/","title":{"rendered":"Pol\u00edtica de privacidad"},"content":{"rendered":"<p>[et_pb_section fb_built=&#8221;1&#8243; admin_label=&#8221;Breadcrumbs&#8221; module_id=&#8221;breadcrumbs&#8221; _builder_version=&#8221;4.14.8&#8243; background_color=&#8221;#cccccc&#8221; global_module=&#8221;3246&#8243; locked=&#8221;off&#8221; collapsed=&#8221;off&#8221; global_colors_info=&#8221;{}&#8221;][et_pb_row _builder_version=&#8221;4.16&#8243; custom_padding=&#8221;10px||10px||false|false&#8221; global_colors_info=&#8221;{}&#8221;][et_pb_column type=&#8221;4_4&#8243; _builder_version=&#8221;4.16&#8243; global_colors_info=&#8221;{}&#8221;][et_pb_code _builder_version=&#8221;4.16&#8243; locked=&#8221;off&#8221; global_colors_info=&#8221;{}&#8221;]<nav aria-label=\"breadcrumbs\" class=\"rank-math-breadcrumb\"><p><span class=\"last\">Home<\/span><\/p><\/nav>[\/et_pb_code][\/et_pb_column][\/et_pb_row][\/et_pb_section][et_pb_section fb_built=&#8221;1&#8243; module_class=&#8221;seccion seccion-pagina contenido&#8221; _builder_version=&#8221;4.16&#8243; vertical_offset_tablet=&#8221;0&#8243; horizontal_offset_tablet=&#8221;0&#8243; z_index_tablet=&#8221;0&#8243; box_shadow_horizontal_tablet=&#8221;0px&#8221; box_shadow_vertical_tablet=&#8221;0px&#8221; box_shadow_blur_tablet=&#8221;40px&#8221; box_shadow_spread_tablet=&#8221;0px&#8221; global_colors_info=&#8221;{}&#8221;][et_pb_row _builder_version=&#8221;4.16&#8243; background_size=&#8221;initial&#8221; background_position=&#8221;top_left&#8221; background_repeat=&#8221;repeat&#8221; global_colors_info=&#8221;{}&#8221;][et_pb_column type=&#8221;4_4&#8243; _builder_version=&#8221;4.16&#8243; custom_padding=&#8221;|||&#8221; global_colors_info=&#8221;{}&#8221; custom_padding__hover=&#8221;|||&#8221;][et_pb_post_title meta=&#8221;off&#8221; featured_image=&#8221;off&#8221; module_class=&#8221;titulo-pagina&#8221; _builder_version=&#8221;4.16&#8243; vertical_offset_tablet=&#8221;0&#8243; horizontal_offset_tablet=&#8221;0&#8243; z_index_tablet=&#8221;0&#8243; title_text_shadow_horizontal_length_tablet=&#8221;0px&#8221; title_text_shadow_vertical_length_tablet=&#8221;0px&#8221; title_text_shadow_blur_strength_tablet=&#8221;1px&#8221; meta_text_shadow_horizontal_length_tablet=&#8221;0px&#8221; meta_text_shadow_vertical_length_tablet=&#8221;0px&#8221; meta_text_shadow_blur_strength_tablet=&#8221;1px&#8221; box_shadow_horizontal_tablet=&#8221;0px&#8221; box_shadow_vertical_tablet=&#8221;0px&#8221; box_shadow_blur_tablet=&#8221;40px&#8221; box_shadow_spread_tablet=&#8221;0px&#8221; text_shadow_horizontal_length_tablet=&#8221;0px&#8221; text_shadow_vertical_length_tablet=&#8221;0px&#8221; text_shadow_blur_strength_tablet=&#8221;1px&#8221; global_colors_info=&#8221;{}&#8221;][\/et_pb_post_title][et_pb_text _builder_version=&#8221;4.17.6&#8243; background_size=&#8221;initial&#8221; background_position=&#8221;top_left&#8221; background_repeat=&#8221;repeat&#8221; hover_enabled=&#8221;0&#8243; global_colors_info=&#8221;{}&#8221; header_2_font_size=&#8221;28px&#8221; sticky_enabled=&#8221;0&#8243;]<\/p>\n<p>El simple acceso a este sitio web no supone entablar ning\u00fan tipo de relaci\u00f3n comercial entre VILLA EL BUZO S.L. y el usuario. El acceso y la navegaci\u00f3n en este sitio web supone aceptar y conocer las advertencias legales, condiciones y t\u00e9rminos de uso contenidas en ella. El titular del sitio web puede ofrecer servicios o productos que podr\u00e1n encontrarse sometidos a unas condiciones particulares propias que, seg\u00fan los casos, sustituyan, completen y\/o modifiquen las presentes condiciones, y sobre las cuales se informar\u00e1 al usuario en cada caso concreto.<\/p>\n<p>Al facilitarnos su informaci\u00f3n personal y utilizar nuestros sitios web, entendemos que ha le\u00eddo y comprendido los t\u00e9rminos relacionados con la informaci\u00f3n de protecci\u00f3n de datos de car\u00e1cter personal que se exponen. VILLA EL BUZO S.L. asume la responsabilidad de cumplir con la legislaci\u00f3n vigente en materia de protecci\u00f3n de datos nacional y europea, y tienen el objetivo de tratar sus datos de manera l\u00edcita, leal y transparente.<\/p>\n<h2>LEGITIMACI\u00d3N PARA EL TRATAMIENTO DE LA INFORMACI\u00d3N PERSONAL<\/h2>\n<p>Para el tratamiento de su informaci\u00f3n personal nos basamos en la legitimaci\u00f3n por varios motivos:<\/p>\n<p>Para el cumplimiento de un contrato y\/o relaci\u00f3n comercial.<\/p>\n<p>Para el cumplimiento de distintas obligaciones legales.<\/p>\n<p>Por inter\u00e9s leg\u00edtimo, por ejemplo, por motivos de seguridad, prevenci\u00f3n del fraude, para mejorar nuestros servicios y productos a trav\u00e9s de estudios de mercado, o para gestionar las solicitudes, consultas o posibles reclamaciones que pudieran surgir.<\/p>\n<p>Con su consentimiento expreso, podr\u00e1 recibir ofertas personalizadas de VILLA EL BUZO S.L.<\/p>\n<h2>CESION DE DATOS<\/h2>\n<p>Si usted ha dado su consentimiento, la informaci\u00f3n que nos facilita ser\u00e1 tratada con las finalidades descritas anteriormente. No todas las finalidades descritas conllevan una cesi\u00f3n de datos.<\/p>\n<p>Hay terceras empresas que nos prestan otro tipo de servicios como son: tecnolog\u00eda de la informaci\u00f3n (almacenamiento y procesamiento de la informaci\u00f3n), servicios de seguridad, servicios financieros, servicios de auditor\u00eda, servicios log\u00edsticos, servicios fiscales, etc.<\/p>\n<p>Estas terceras partes solo tienen acceso a la informaci\u00f3n personal que necesitan para llevar a cabo dichos servicios. Se les exige que mantengan en confidencialidad su informaci\u00f3n personal y no pueden utilizarla de ninguna otra forma que aquella que se les ha solicitado.<\/p>\n<p>En todos los casos VILLA EL BUZO S.L. asume la responsabilidad por la informaci\u00f3n personal que nos facilite, y solicitamos a aquellas empresas con los que compartimos su informaci\u00f3n personal que apliquen el mismo grado de protecci\u00f3n de la informaci\u00f3n.<\/p>\n<p>Asimismo, su informaci\u00f3n personal estar\u00e1 a disposici\u00f3n de las Administraciones p\u00fablicas, Jueces y Tribunales, para la atenci\u00f3n de las posibles responsabilidades nacidas del tratamiento.<\/p>\n<h2>TRANSFERENCIA INTERNACIONAL<\/h2>\n<p>La informaci\u00f3n personal que recabamos reside en la UE y no se prev\u00e9 realizar transferencias internacionales de datos.<\/p>\n<h2>ENLACES A SITIOS WEB DE TERCEROS<\/h2>\n<p>En el caso que suministremos enlaces a sitios web que no son operados ni controlados por VILLA EL BUZO S.L., ser\u00e1 puntualmente informado ya que VILLA EL BUZO S.L. no dispone de control alguno sobre dichos sitios ni tampoco son responsables por el contenido de los mismos, tampoco tienen control sobre la forma en que terceros recaban y usan su informaci\u00f3n personal ni son responsables ni ofrecen declaraci\u00f3n alguna sobre los sitios web de terceros.<\/p>\n<p>Estos sitios web dispongan de sus propias pol\u00edticas de privacidad, mediante las cuales le explicar\u00e1n c\u00f3mo utilizan y comparten su informaci\u00f3n personal. Le recomendamos revisar detenidamente las pol\u00edticas de privacidad antes de utilizar estos sitios web para estar seguro de que se encuentra conforme con la forma en la que su informaci\u00f3n personal se recopila y comparte.<\/p>\n<h2>TIEMPO DE ALMACENAMIENTO DE LA INFORMACI\u00d3N PERSONAL<\/h2>\n<p>Solo almacenamos la informaci\u00f3n personal en la medida en que la necesitamos a fin de poder utilizarla seg\u00fan la finalidad por la que fue recabada, y seg\u00fan la base jur\u00eddica del tratamiento de la misma de conformidad con la ley aplicable.<\/p>\n<p>Mantendremos su informaci\u00f3n personal mientras exista una relaci\u00f3n contractual y\/o comercial con usted, o mientras usted no ejerza su derecho de supresi\u00f3n y\/o limitaci\u00f3n del tratamiento de sus datos.<\/p>\n<p>En estos casos, mantendremos la informaci\u00f3n debidamente bloqueada, sin darle ning\u00fan uso, mientras pueda ser necesaria para el ejercicio o defensa de reclamaciones o pueda derivarse alg\u00fan tipo de responsabilidad judicial, legal o contractual de su tratamiento, que deba ser atendida y para lo cual sea necesaria su recuperaci\u00f3n.<\/p>\n<h2>COMO PUEDE EJERCER SUS DERECHOS<\/h2>\n<p>Usted puede ejercer los derechos sobre los datos suministrados recogidos en el art. 13 del RGPD de acceso, rectificaci\u00f3n o supresi\u00f3n, limitaci\u00f3n de tratamiento, oposici\u00f3n del tratamiento de los datos personales facilitados o al env\u00edo de publicidad, y a no ser objeto de decisiones exclusivamente automatizadas.<\/p>\n<p>La normativa de protecci\u00f3n de datos le permite que pueda ejercer ante el responsable del tratamiento sus derechos de acceso, rectificaci\u00f3n, oposici\u00f3n, supresi\u00f3n, limitaci\u00f3ndel tratamiento, portabilidad y de no ser objeto de decisiones individualizadas.<\/p>\n<p>Estos derechos se caracterizan por lo siguiente:<\/p>\n<p>Su ejercicio es gratuito.<\/p>\n<p>Si las solicitudes son manifiestamente infundadas o excesivas (por ejemplo, car\u00e1cter repetitivo) el responsable podr\u00e1:<\/p>\n<p>Cobrar un canon proporcional a los costes administrativos soportados.<\/p>\n<p>Negarse a actuar.<\/p>\n<p>Las solicitudes deben responderse en el plazo de un mes, aunque, si se tiene en cuenta la complejidad y n\u00famero de solicitudes, se puede prorrogar el plazo otros dos meses m\u00e1s.<\/p>\n<p>El responsable est\u00e1 obligado a informarle sobre los medios para ejercitar estos derechos. Estos medios deben ser accesibles y no se puede denegar este derecho por el solo motivo de que opte por otro medio.<\/p>\n<p>Si la solicitud se presenta por medios electr\u00f3nicos, la informaci\u00f3n se facilitar\u00e1 por estos medios cuando sea posible, salvo que el interesado solicite que sea de otro modo.<\/p>\n<p>Si el responsable no da curso a la solicitud, informar\u00e1 a m\u00e1s tardar en un mes, de las razones de su no actuaci\u00f3n y la posibilidad de reclamar ante una Autoridad de Control.<\/p>\n<p>Puede ejercer los derechos directamente o por medio de su representante legal.<\/p>\n<p>Cabe la posibilidad de que el encargado sea quien atienda su solicitud por cuenta del responsable si ambos lo han establecido en el contrato o acto jur\u00eddico que les vincule.<\/p>\n<h2>DERECHO DE ACCESO<\/h2>\n<p>El derecho de acceso admite que pueda dirigirse al responsable del tratamiento para conocer si est\u00e1 tratando o no sus datos de car\u00e1cter personal.<\/p>\n<h2>DERECHO DE RECTIFICACI\u00d3N<\/h2>\n<p>El derecho de rectificaci\u00f3n admite que podr\u00e1 obtener la rectificaci\u00f3n de tus datos personales que sean inexactos sin dilaci\u00f3n indebida del responsable del tratamiento.<\/p>\n<p>Teniendo en cuenta los fines del tratamiento, tiene derecho a que se completen los datos personales que sean incompletos, inclusive mediante una declaraci\u00f3n adicional.<\/p>\n<p>En su solicitud deber\u00e1 indicar a qu\u00e9 datos se refiere y la correcci\u00f3n que hay que realizar. Adem\u00e1s, cuando sea necesario, deber\u00e1 acompa\u00f1ar su solicitud de la documentaci\u00f3n que justifique la inexactitud o el car\u00e1cter incompleto de tus datos.<\/p>\n<h2>DERECHO DE OPOSICI\u00d3N<\/h2>\n<p>El derecho de oposici\u00f3n, como su nombre indica, supone que se puede oponer a que el responsable realice un tratamiento de los datos personales en los siguientes supuestos:<\/p>\n<p>Cuando sean objeto de tratamiento basado en una misi\u00f3n de inter\u00e9s p\u00fablico o en el inter\u00e9s leg\u00edtimo, incluido la elaboraci\u00f3n de perfiles.<\/p>\n<p>Cuando el tratamiento tenga como finalidad la mercadotecnia directa, incluida tambi\u00e9n la elaboraci\u00f3n de perfiles anteriormente citada.<\/p>\n<h2>DERECHO DE SUPRESI\u00d3N<\/h2>\n<p>El derecho de supresi\u00f3n se podr\u00e1 ejercitar ante el responsable solicitando la supresi\u00f3n de sus datos de car\u00e1cter personal cuando concurra alguna de las siguientes circunstancias:<\/p>\n<p>Si sus datos personales ya no son necesarios en relaci\u00f3n con los fines para los que fueron recogidos o tratados de otro modo.<br \/>Si el tratamiento de sus datos personales se ha basado en el consentimiento que prest\u00f3 al responsable, y retira el mismo, siempre que el citado tratamiento no se base en otra causa que lo legitime.<\/p>\n<p>El tratamiento del responsable se fundamentaba en el inter\u00e9s leg\u00edtimo o en el cumplimiento de una misi\u00f3n de inter\u00e9s p\u00fablico, y no han prevalecido otros motivos para legitimar el tratamiento de tus datos.<\/p>\n<p>A que sus datos personales sean objeto de mercadotecnia directa, incluyendo la elaboraci\u00f3n perfiles relacionada con la citada mercadotecnia.<\/p>\n<p>Si sus datos personales han sido tratados il\u00edcitamente.<\/p>\n<p>No obstante, este derecho no es ilimitado, de tal forma que puede ser factible no proceder a la supresi\u00f3n cuando el tratamiento sea necesario para el ejercicio de la libertad de expresi\u00f3n e informaci\u00f3n, para el cumplimiento de una obligaci\u00f3n legal, para el cumplimiento de una misi\u00f3n realizada en inter\u00e9s p\u00fablico o en el ejercicio de poderes p\u00fablicos conferidos al responsable, por razones de inter\u00e9s p\u00fablico, en el \u00e1mbito de la salud p\u00fablica, con fines de archivo de inter\u00e9s p\u00fablico, fines de investigaci\u00f3n cient\u00edfica o hist\u00f3rica o fines estad\u00edsticos, o para la formulaci\u00f3n, el ejercicio o la defensa de reclamaciones.<\/p>\n<p>El responsable del tratamiento estar\u00e1 obligado a bloquear los datos cuando proceda a su rectificaci\u00f3n o supresi\u00f3n.<\/p>\n<p>El bloqueo de los datos consiste en la identificaci\u00f3n y reserva de los mismos, adoptando medidas t\u00e9cnicas y organizativas, para impedir su tratamiento, incluyendo su visualizaci\u00f3n, excepto para la puesta a disposici\u00f3n de los datos a los jueces y tribunales, el Ministerio Fiscal o las Administraciones P\u00fablicas competentes, en particular de lasautoridades de protecci\u00f3n de datos, para la exigencia de posibles responsabilidades derivadas del tratamiento y solo por el plazo de prescripci\u00f3n de las mismas.<\/p>\n<p>Transcurrido ese plazo deber\u00e1 procederse a la destrucci\u00f3n de los datos.<\/p>\n<h2>DERECHO A LA LIMITACI\u00d3N DEL TRATAMIENTO<\/h2>\n<p>Este nuevo derecho consiste en que obtener la limitaci\u00f3n del tratamiento de sus datos que realiza el responsable, si bien su ejercicio presenta dos vertientes:<\/p>\n<p>Puede solicitar la suspensi\u00f3n del tratamiento de sus datos:<\/p>\n<p>Cuando impugne la exactitud de sus datos personales, durante un plazo que permita al responsable su verificaci\u00f3n.<\/p>\n<p>Cuando se haya opuesto al tratamiento de sus datos personales que el responsable realiza en base al inter\u00e9s leg\u00edtimo o misi\u00f3n de inter\u00e9s p\u00fablico, mientras aquel verifica si estos motivos prevalecen sobre los tuyos.<\/p>\n<p>Solicitar al responsable la conservaci\u00f3n sus datos:<\/p>\n<p>Cuando el tratamiento sea il\u00edcito y se ha opuesto a la supresi\u00f3n de sus datos y en su lugar solicita la limitaci\u00f3n de su uso.<\/p>\n<p>Cuando el responsable ya no necesite los datos personales para los fines del tratamiento, pero el interesado los necesite para la formulaci\u00f3n, el ejercicio o la defensa de reclamaciones.<\/p>\n<h2>DERECHO A LA PORTABILIDAD<\/h2>\n<p>La finalidad de este nuevo derecho es reforzar a\u00fan m\u00e1s el control de sus datos personales, de forma que cuando el tratamiento se efect\u00fae por medios automatizados, reciba sus datos personales en un formato estructurado, de uso com\u00fan, de lectura mec\u00e1nica e interoperable, y pueda transmitirlos a otro responsable del tratamiento, siempre que el tratamiento se legitime en base al consentimiento o en el marco de la ejecuci\u00f3n de un contrato.<\/p>\n<p>No obstante, este derecho, por su propia naturaleza, no se puede aplicar cuando el tratamiento sea necesario para el cumplimiento de una misi\u00f3n de inter\u00e9s p\u00fablico o en el ejercicio de poderes p\u00fablicos conferidos al responsable.<\/p>\n<h2>DONDE PUEDE EJERCER SUS DERECHOS<\/h2>\n<p>Para poder ejercer sus derechos VILLA EL BUZO S.L. pone a su disposici\u00f3n los medios siguientes:<\/p>\n<p>Mediante solicitud escrita y firmada dirigida a URB. ATLANTERRA, PARCELA I N\u00daM. 186 11393 TARIFA (C\u00c1DIZ), debiendo adjuntar fotocopia del DNI o documento que acredite la identidad del solicitante.<\/p>\n<p>Enviando la solicitud firmada junto con una fotocopia y\/o copia escaneada del DNI o documento que acredite la identidad del solicitante a la direcci\u00f3n de correo electr\u00f3nicoINFO@VILLAELBUZO.COM.<br \/>Usted tambi\u00e9n podr\u00e1 presentar una reclamaci\u00f3n ante la Agencia Espa\u00f1ola de Protecci\u00f3n de Datos, especialmente cuando no est\u00e9 satisfecho con la respuesta del ejercicio de sus derechos, www.agpd.es C\/ Jorge Juan, 6 28001 Madrid.<\/p>\n<p>[\/et_pb_text][\/et_pb_column][\/et_pb_row][\/et_pb_section]<\/p>\n","protected":false},"excerpt":{"rendered":"<p><nav aria-label=\"breadcrumbs\" class=\"rank-math-breadcrumb\"><p><span class=\"last\">Home<\/span><\/p><\/nav>El simple acceso a este sitio web no supone entablar ning\u00fan tipo de relaci\u00f3n comercial entre VILLA EL BUZO S.L. y el usuario. El acceso y la navegaci\u00f3n en este sitio web supone aceptar y conocer las advertencias legales, condiciones y t\u00e9rminos de uso contenidas en ella. El titular del sitio web puede ofrecer servicios [&hellip;]<\/p>\n","protected":false},"author":1,"featured_media":0,"parent":0,"menu_order":0,"comment_status":"closed","ping_status":"open","template":"","meta":{"_et_pb_use_builder":"on","_et_pb_old_content":"","_et_gb_content_width":"","footnotes":""},"class_list":["post-6529","page","type-page","status-publish","hentry"],"_links":{"self":[{"href":"https:\/\/villaelbuzo.com\/en\/wp-json\/wp\/v2\/pages\/6529","targetHints":{"allow":["GET"]}}],"collection":[{"href":"https:\/\/villaelbuzo.com\/en\/wp-json\/wp\/v2\/pages"}],"about":[{"href":"https:\/\/villaelbuzo.com\/en\/wp-json\/wp\/v2\/types\/page"}],"author":[{"embeddable":true,"href":"https:\/\/villaelbuzo.com\/en\/wp-json\/wp\/v2\/users\/1"}],"replies":[{"embeddable":true,"href":"https:\/\/villaelbuzo.com\/en\/wp-json\/wp\/v2\/comments?post=6529"}],"version-history":[{"count":0,"href":"https:\/\/villaelbuzo.com\/en\/wp-json\/wp\/v2\/pages\/6529\/revisions"}],"wp:attachment":[{"href":"https:\/\/villaelbuzo.com\/en\/wp-json\/wp\/v2\/media?parent=6529"}],"curies":[{"name":"wp","href":"https:\/\/api.w.org\/{rel}","templated":true}]}}